{"id":12481,"date":"2025-06-27T11:00:15","date_gmt":"2025-06-27T09:00:15","guid":{"rendered":"https:\/\/east-riverside.com\/?page_id=12481"},"modified":"2025-07-07T10:10:56","modified_gmt":"2025-07-07T08:10:56","slug":"sehenswuerdigkeiten","status":"publish","type":"page","link":"https:\/\/east-riverside.com\/en\/sehenswuerdigkeiten\/","title":{"rendered":"Sightseeing"},"content":{"rendered":"<div data-elementor-type=\"wp-page\" data-elementor-id=\"12481\" class=\"elementor elementor-12481\">\n\t\t\t\t<div class=\"elementor-element elementor-element-1df554b e-flex e-con-boxed tm-col-stretched-none tm-bg-color-over-image e-con e-parent\" data-id=\"1df554b\" data-element_type=\"container\" data-e-type=\"container\">\n\t\t\t\t\t<div class=\"e-con-inner\">\n\t\t\t\t<div class=\"elementor-element elementor-element-722eeb2 elementor-widget elementor-widget-text-editor\" data-id=\"722eeb2\" data-element_type=\"widget\" data-e-type=\"widget\" data-widget_type=\"text-editor.default\">\n\t\t\t\t<div class=\"elementor-widget-container\">\n\t\t\t\t\t\t\t\t\t<h3 data-start=\"315\" data-end=\"394\">Discover Erkner &amp; the surrounding area - recreation and culture at the gates of Berlin<\/h3><p data-start=\"396\" data-end=\"693\"><span style=\"color: #ffffff;\">Das East-Riverside Boardinghouse liegt idyllisch in Erkner, am Rande von Berlin \u2013 perfekt f\u00fcr G\u00e4ste, die Natur und Gro\u00dfstadt gleicherma\u00dfen genie\u00dfen m\u00f6chten. Erkner ist nicht nur f\u00fcr seine sch\u00f6ne Lage an Seen und W\u00e4ldern bekannt, sondern auch ein guter Ausgangspunkt f\u00fcr Ausfl\u00fcge in die Region.<\/span><\/p><h3 data-start=\"2471\" data-end=\"2495\">Our tip for guests<\/h3><p data-start=\"2497\" data-end=\"2730\"><span style=\"color: #ffffff;\">Start the day with breakfast by the water, explore lakes, forests or museums during the day - and if you fancy some city flair in the evening, you can be in the centre of Berlin in 30 minutes. Whether you're looking for peace and quiet or adventure, we have both!<\/span><\/p>\t\t\t\t\t\t\t\t<\/div>\n\t\t\t\t<\/div>\n\t\t\t\t\t<\/div>\n\t\t\t\t<\/div>\n\t\t<div class=\"elementor-element elementor-element-acbceff e-flex e-con-boxed tm-col-stretched-none tm-bg-color-over-image e-con e-parent\" data-id=\"acbceff\" data-element_type=\"container\" data-e-type=\"container\">\n\t\t\t\t\t<div class=\"e-con-inner\">\n\t\t\t\t<div class=\"elementor-element elementor-element-485c6db elementor-widget elementor-widget-spacer\" data-id=\"485c6db\" data-element_type=\"widget\" data-e-type=\"widget\" data-widget_type=\"spacer.default\">\n\t\t\t\t<div class=\"elementor-widget-container\">\n\t\t\t\t\t\t\t<div class=\"elementor-spacer\">\n\t\t\t<div class=\"elementor-spacer-inner\"><\/div>\n\t\t<\/div>\n\t\t\t\t\t\t<\/div>\n\t\t\t\t<\/div>\n\t\t\t\t\t<\/div>\n\t\t\t\t<\/div>\n\t\t<div class=\"elementor-element elementor-element-9213752 e-flex e-con-boxed tm-col-stretched-none tm-bg-color-over-image e-con e-parent\" data-id=\"9213752\" data-element_type=\"container\" data-e-type=\"container\">\n\t\t\t\t\t<div class=\"e-con-inner\">\n\t\t\t\t<div class=\"elementor-element elementor-element-58b0ab5 horizontal-line-align-left vertical-line-align-bottom elementor-widget elementor-widget-tm-ele-section-title\" data-id=\"58b0ab5\" data-element_type=\"widget\" data-e-type=\"widget\" data-widget_type=\"tm-ele-section-title.default\">\n\t\t\t\t<div class=\"elementor-widget-container\">\n\t\t\t\t\t<div class=\"tm-sc-section-title section-title line-right-current-theme\">\r\n\t<div class=\"title-wrapper\">\r\n\t\t\t\t\r\n\r\n<div class=\"sub-title-outer\">\r\n\t\t<div class=\"subtitle\">\r\n\r\n\t\t\r\n\t\tEast-Riverside boardinghouse\t<\/div>\r\n\t<\/div>\t\t\t<h2 class=\"title tm-split-text split-in-right\">\r\n\r\n\t\t\r\n\t\t\t\t<span class=\"title-part1\">Sights in Erkner<\/span>\r\n\t\t\t\t\r\n\t\t\r\n\t<\/h2>\r\n\t<div class=\"title-seperator-line\"><\/div>\t\t\t\t\t\t<\/div>\r\n<\/div>\t\t\t\t<\/div>\n\t\t\t\t<\/div>\n\t\t\t\t\t<\/div>\n\t\t\t\t<\/div>\n\t\t<div class=\"elementor-element elementor-element-b6bd60e e-flex e-con-boxed tm-col-stretched-none tm-bg-color-over-image e-con e-parent\" data-id=\"b6bd60e\" data-element_type=\"container\" data-e-type=\"container\">\n\t\t\t\t\t<div class=\"e-con-inner\">\n\t\t<div class=\"elementor-element elementor-element-08afd1e e-con-full e-flex tm-col-stretched-none tm-bg-color-over-image e-con e-child\" data-id=\"08afd1e\" data-element_type=\"container\" data-e-type=\"container\">\n\t\t<div class=\"elementor-element elementor-element-202416c e-con-full e-flex tm-col-stretched-none tm-bg-color-over-image e-con e-child\" data-id=\"202416c\" data-element_type=\"container\" data-e-type=\"container\">\n\t\t\t\t<div class=\"elementor-element elementor-element-e79b14a elementor-widget elementor-widget-image\" data-id=\"e79b14a\" data-element_type=\"widget\" data-e-type=\"widget\" data-widget_type=\"image.default\">\n\t\t\t\t<div class=\"elementor-widget-container\">\n\t\t\t\t\t\t\t\t\t\t\t\t\t\t\t<img fetchpriority=\"high\" decoding=\"async\" width=\"1024\" height=\"576\" src=\"https:\/\/east-riverside.com\/wp-content\/uploads\/2025\/06\/vlcsnap-2025-06-26-14h06m34s885-1024x576.png\" class=\"attachment-large size-large wp-image-12468\" alt=\"\" srcset=\"https:\/\/east-riverside.com\/wp-content\/uploads\/2025\/06\/vlcsnap-2025-06-26-14h06m34s885-1024x576.png 1024w, https:\/\/east-riverside.com\/wp-content\/uploads\/2025\/06\/vlcsnap-2025-06-26-14h06m34s885-scaled-600x338.png 600w, https:\/\/east-riverside.com\/wp-content\/uploads\/2025\/06\/vlcsnap-2025-06-26-14h06m34s885-300x169.png 300w, https:\/\/east-riverside.com\/wp-content\/uploads\/2025\/06\/vlcsnap-2025-06-26-14h06m34s885-768x432.png 768w, https:\/\/east-riverside.com\/wp-content\/uploads\/2025\/06\/vlcsnap-2025-06-26-14h06m34s885-1536x864.png 1536w, https:\/\/east-riverside.com\/wp-content\/uploads\/2025\/06\/vlcsnap-2025-06-26-14h06m34s885-2048x1152.png 2048w\" sizes=\"255px\" data-kodelisting-lazy-load-sizes=\"(max-width: 1024px) 100vw, 1024px\" data-kodelisting-loading-image=\"on\" \/>\t\t\t\t\t\t\t\t\t\t\t\t\t\t\t<\/div>\n\t\t\t\t<\/div>\n\t\t\t\t<\/div>\n\t\t\t\t<\/div>\n\t\t<div class=\"elementor-element elementor-element-4c1dede e-con-full tm-col-stretched-none e-flex tm-bg-color-over-image e-con e-child\" data-id=\"4c1dede\" data-element_type=\"container\" data-e-type=\"container\">\n\t\t\t\t<div class=\"elementor-element elementor-element-f3ed9f0 elementor-widget elementor-widget-tm-ele-list\" data-id=\"f3ed9f0\" data-element_type=\"widget\" data-e-type=\"widget\" data-widget_type=\"tm-ele-list.default\">\n\t\t\t\t<div class=\"elementor-widget-container\">\n\t\t\t\t\t<ul class=\"tm-sc-list\">\r\n\t<li class=\"\">\r\n\t\t\t\t<i aria-hidden=\"true\" class=\"far fa-check-circle\"><\/i>\t\t\t\t<span>\r\n\tGerhart-Hauptmann-Museum<br \/>The former home of Gerhart Hauptmann, winner of the Nobel Prize for Literature. A charming museum with gardens and cultural events.<\/span><\/li>\t<li class=\"\">\r\n\t\t\t\t<i aria-hidden=\"true\" class=\"far fa-check-circle\"><\/i>\t\t\t\t<span>\r\n\tL\u00f6cknitz &amp; D\u00e4meritzsee<br \/>Erkner is located directly on the L\u00f6cknitz, a natural river that is perfect for boat trips or walks. The D\u00e4meritzsee is also ideal for swimming, fishing and canoeing.<\/span><\/li>\t<li class=\"\">\r\n\t\t\t\t<i aria-hidden=\"true\" class=\"far fa-check-circle\"><\/i>\t\t\t\t<span>\r\n\tCycling and hiking trails<br \/>Erkner is surrounded by forests, rivers and lakes - ideal for hikers and cyclists. The well-known R1 long-distance cycle route runs directly through the region.<\/span><\/li><\/ul>\t\t\t\t<\/div>\n\t\t\t\t<\/div>\n\t\t\t\t<\/div>\n\t\t\t\t\t<\/div>\n\t\t\t\t<\/div>\n\t\t<div class=\"elementor-element elementor-element-f5feaa7 e-flex e-con-boxed tm-col-stretched-none tm-bg-color-over-image e-con e-parent\" data-id=\"f5feaa7\" data-element_type=\"container\" data-e-type=\"container\">\n\t\t\t\t\t<div class=\"e-con-inner\">\n\t\t\t\t<div class=\"elementor-element elementor-element-d9a1cc4 horizontal-line-align-left vertical-line-align-bottom elementor-widget elementor-widget-tm-ele-section-title\" data-id=\"d9a1cc4\" data-element_type=\"widget\" data-e-type=\"widget\" data-widget_type=\"tm-ele-section-title.default\">\n\t\t\t\t<div class=\"elementor-widget-container\">\n\t\t\t\t\t<div class=\"tm-sc-section-title section-title line-right-current-theme\">\r\n\t<div class=\"title-wrapper\">\r\n\t\t\t\t\r\n\r\n<div class=\"sub-title-outer\">\r\n\t<\/div>\t\t\t<h2 class=\"title tm-split-text split-in-right\">\r\n\r\n\t\t\r\n\t\t\t\t<span class=\"title-part1\">Excursion destinations in the surrounding area (30-60 minute drive)<\/span>\r\n\t\t\t\t\r\n\t\t\r\n\t<\/h2>\r\n\t<div class=\"title-seperator-line\"><\/div>\t\t\t\t\t\t<\/div>\r\n<\/div>\t\t\t\t<\/div>\n\t\t\t\t<\/div>\n\t\t\t\t\t<\/div>\n\t\t\t\t<\/div>\n\t\t<div class=\"elementor-element elementor-element-d94a6fc e-flex e-con-boxed tm-col-stretched-none tm-bg-color-over-image e-con e-parent\" data-id=\"d94a6fc\" data-element_type=\"container\" data-e-type=\"container\">\n\t\t\t\t\t<div class=\"e-con-inner\">\n\t\t<div class=\"elementor-element elementor-element-b46a476 e-con-full tm-col-stretched-none e-flex tm-bg-color-over-image e-con e-child\" data-id=\"b46a476\" data-element_type=\"container\" data-e-type=\"container\">\n\t\t<div class=\"elementor-element elementor-element-b8e1bba e-con-full tm-col-stretched-none e-flex tm-bg-color-over-image e-con e-child\" data-id=\"b8e1bba\" data-element_type=\"container\" data-e-type=\"container\">\n\t\t\t\t<div class=\"elementor-element elementor-element-dc973f2 elementor-widget elementor-widget-tm-ele-list\" data-id=\"dc973f2\" data-element_type=\"widget\" data-e-type=\"widget\" data-widget_type=\"tm-ele-list.default\">\n\t\t\t\t<div class=\"elementor-widget-container\">\n\t\t\t\t\t<ul class=\"tm-sc-list\">\r\n\t<li class=\"\">\r\n\t\t\t\t<i aria-hidden=\"true\" class=\"far fa-check-circle\"><\/i>\t\t\t\t<span>\r\n\t\u00a0Naturpark Dahme-Heideseen<br \/>A beautiful natural landscape with over 100 lakes, moors and pine forests - perfect for day trips, hikes or canoe tours.<\/span><\/li>\t<li class=\"\">\r\n\t\t\t\t<i aria-hidden=\"true\" class=\"far fa-check-circle\"><\/i>\t\t\t\t<span>\r\n\tK\u00f6penick Castle<br \/>Just 20 minutes away - a baroque moated castle on an island in the River Dahme, now part of the Berlin State Museums.<\/span><\/li>\t<li class=\"\">\r\n\t\t\t\t<i aria-hidden=\"true\" class=\"far fa-check-circle\"><\/i>\t\t\t\t<span>\r\n\tSpreewald (approx. 1 hour drive)<br \/>A unique river system with traditional boat trips and regional culture. Perfect for nature lovers.<\/span><\/li><\/ul>\t\t\t\t<\/div>\n\t\t\t\t<\/div>\n\t\t\t\t<\/div>\n\t\t\t\t<\/div>\n\t\t<div class=\"elementor-element elementor-element-cdb265e e-con-full tm-col-stretched-none e-flex tm-bg-color-over-image e-con e-child\" data-id=\"cdb265e\" data-element_type=\"container\" data-e-type=\"container\">\n\t\t\t\t<div class=\"elementor-element elementor-element-12037a8 elementor-widget elementor-widget-image\" data-id=\"12037a8\" data-element_type=\"widget\" data-e-type=\"widget\" data-widget_type=\"image.default\">\n\t\t\t\t<div class=\"elementor-widget-container\">\n\t\t\t\t\t\t\t\t\t\t\t\t\t\t\t<img decoding=\"async\" width=\"1024\" height=\"658\" src=\"https:\/\/east-riverside.com\/wp-content\/uploads\/2025\/06\/spreewald-7286266_1280-1024x658.jpg\" class=\"attachment-large size-large wp-image-12518\" alt=\"\" srcset=\"https:\/\/east-riverside.com\/wp-content\/uploads\/2025\/06\/spreewald-7286266_1280-1024x658.jpg 1024w, https:\/\/east-riverside.com\/wp-content\/uploads\/2025\/06\/spreewald-7286266_1280-600x385.jpg 600w, https:\/\/east-riverside.com\/wp-content\/uploads\/2025\/06\/spreewald-7286266_1280-300x193.jpg 300w, https:\/\/east-riverside.com\/wp-content\/uploads\/2025\/06\/spreewald-7286266_1280-768x493.jpg 768w, https:\/\/east-riverside.com\/wp-content\/uploads\/2025\/06\/spreewald-7286266_1280.jpg 1280w\" sizes=\"255px\" data-kodelisting-lazy-load-sizes=\"(max-width: 1024px) 100vw, 1024px\" data-kodelisting-loading-image=\"on\" \/>\t\t\t\t\t\t\t\t\t\t\t\t\t\t\t<\/div>\n\t\t\t\t<\/div>\n\t\t\t\t<\/div>\n\t\t\t\t\t<\/div>\n\t\t\t\t<\/div>\n\t\t<div class=\"elementor-element elementor-element-2681ebb e-flex e-con-boxed tm-col-stretched-none tm-bg-color-over-image e-con e-parent\" data-id=\"2681ebb\" data-element_type=\"container\" data-e-type=\"container\">\n\t\t\t\t\t<div class=\"e-con-inner\">\n\t\t\t\t<div class=\"elementor-element elementor-element-7f6dd25 horizontal-line-align-left vertical-line-align-bottom elementor-widget elementor-widget-tm-ele-section-title\" data-id=\"7f6dd25\" data-element_type=\"widget\" data-e-type=\"widget\" data-widget_type=\"tm-ele-section-title.default\">\n\t\t\t\t<div class=\"elementor-widget-container\">\n\t\t\t\t\t<div class=\"tm-sc-section-title section-title line-right-current-theme\">\r\n\t<div class=\"title-wrapper\">\r\n\t\t\t\t\r\n\r\n<div class=\"sub-title-outer\">\r\n\t\t<div class=\"subtitle\">\r\n\r\n\t\t\r\n\t\tFrom Erkner, you can easily reach Berlin city centre by S-Bahn (S3) or by car.\t<\/div>\r\n\t<\/div>\t\t\t<h2 class=\"title tm-split-text split-in-right\">\r\n\r\n\t\t\r\n\t\t\t\t<span class=\"title-part1\">Day trip to Berlin - only 30 minutes away<\/span>\r\n\t\t\t\t\r\n\t\t\r\n\t<\/h2>\r\n\t<div class=\"title-seperator-line\"><\/div>\t\t\t\t\t\t<\/div>\r\n<\/div>\t\t\t\t<\/div>\n\t\t\t\t<\/div>\n\t\t\t\t\t<\/div>\n\t\t\t\t<\/div>\n\t\t<div class=\"elementor-element elementor-element-7e849e5 e-flex e-con-boxed tm-col-stretched-none tm-bg-color-over-image e-con e-parent\" data-id=\"7e849e5\" data-element_type=\"container\" data-e-type=\"container\">\n\t\t\t\t\t<div class=\"e-con-inner\">\n\t\t<div class=\"elementor-element elementor-element-c72e161 e-con-full tm-col-stretched-none e-flex tm-bg-color-over-image e-con e-child\" data-id=\"c72e161\" data-element_type=\"container\" data-e-type=\"container\">\n\t\t<div class=\"elementor-element elementor-element-289e9f2 e-con-full tm-col-stretched-none e-flex tm-bg-color-over-image e-con e-child\" data-id=\"289e9f2\" data-element_type=\"container\" data-e-type=\"container\">\n\t\t\t\t<div class=\"elementor-element elementor-element-b1ed289 elementor-widget elementor-widget-image\" data-id=\"b1ed289\" data-element_type=\"widget\" data-e-type=\"widget\" data-widget_type=\"image.default\">\n\t\t\t\t<div class=\"elementor-widget-container\">\n\t\t\t\t\t\t\t\t\t\t\t\t\t\t\t<img decoding=\"async\" width=\"1024\" height=\"673\" src=\"https:\/\/east-riverside.com\/wp-content\/uploads\/2025\/06\/brandenburg-gate-7570577_1280-1024x673.jpg\" class=\"attachment-large size-large wp-image-12523\" alt=\"\" srcset=\"https:\/\/east-riverside.com\/wp-content\/uploads\/2025\/06\/brandenburg-gate-7570577_1280-1024x673.jpg 1024w, https:\/\/east-riverside.com\/wp-content\/uploads\/2025\/06\/brandenburg-gate-7570577_1280-600x394.jpg 600w, https:\/\/east-riverside.com\/wp-content\/uploads\/2025\/06\/brandenburg-gate-7570577_1280-300x197.jpg 300w, https:\/\/east-riverside.com\/wp-content\/uploads\/2025\/06\/brandenburg-gate-7570577_1280-768x505.jpg 768w, https:\/\/east-riverside.com\/wp-content\/uploads\/2025\/06\/brandenburg-gate-7570577_1280.jpg 1280w\" sizes=\"255px\" data-kodelisting-lazy-load-sizes=\"(max-width: 1024px) 100vw, 1024px\" data-kodelisting-loading-image=\"on\" \/>\t\t\t\t\t\t\t\t\t\t\t\t\t\t\t<\/div>\n\t\t\t\t<\/div>\n\t\t\t\t<\/div>\n\t\t\t\t<\/div>\n\t\t<div class=\"elementor-element elementor-element-b9c17fa e-con-full tm-col-stretched-none e-flex tm-bg-color-over-image e-con e-child\" data-id=\"b9c17fa\" data-element_type=\"container\" data-e-type=\"container\">\n\t\t\t\t<div class=\"elementor-element elementor-element-462d675 elementor-widget elementor-widget-tm-ele-list\" data-id=\"462d675\" data-element_type=\"widget\" data-e-type=\"widget\" data-widget_type=\"tm-ele-list.default\">\n\t\t\t\t<div class=\"elementor-widget-container\">\n\t\t\t\t\t<ul class=\"tm-sc-list\">\r\n\t<li class=\"\">\r\n\t\t\t\t<i aria-hidden=\"true\" class=\"far fa-check-circle\"><\/i>\t\t\t\t<span>\r\n\tMuseum Island &amp; Berlin Cathedral<\/span><\/li>\t<li class=\"\">\r\n\t\t\t\t<i aria-hidden=\"true\" class=\"far fa-check-circle\"><\/i>\t\t\t\t<span>\r\n\tTelevision tower &amp; Alexanderplatz<\/span><\/li>\t<li class=\"\">\r\n\t\t\t\t<i aria-hidden=\"true\" class=\"far fa-check-circle\"><\/i>\t\t\t\t<span>\r\n\tTheatre, shopping, trendy districts such as Kreuzberg or Prenzlauer Berg<\/span><\/li>\t<li class=\"\">\r\n\t\t\t\t<i aria-hidden=\"true\" class=\"far fa-check-circle\"><\/i>\t\t\t\t<span>\r\n\tTiergarten, Tempelhof Field, Berlin Zoo<\/span><\/li>\t<li class=\"\">\r\n\t\t\t\t<i aria-hidden=\"true\" class=\"far fa-check-circle\"><\/i>\t\t\t\t<span>\r\n\tBerlin Wall, East Side Gallery, Brandenburg Gate<\/span><\/li><\/ul>\t\t\t\t<\/div>\n\t\t\t\t<\/div>\n\t\t\t\t<\/div>\n\t\t\t\t\t<\/div>\n\t\t\t\t<\/div>\n\t\t\t\t<\/div>","protected":false},"excerpt":{"rendered":"<p>Entdecken Sie Erkner &amp; Umgebung \u2013 Erholung und Kultur vor den Toren Berlins Das East-Riverside Boardinghouse liegt idyllisch in Erkner,&#8230;<\/p>","protected":false},"author":1,"featured_media":0,"parent":0,"menu_order":0,"comment_status":"closed","ping_status":"closed","template":"","meta":{"footnotes":""},"class_list":["post-12481","page","type-page","status-publish","hentry"],"_links":{"self":[{"href":"https:\/\/east-riverside.com\/en\/wp-json\/wp\/v2\/pages\/12481","targetHints":{"allow":["GET"]}}],"collection":[{"href":"https:\/\/east-riverside.com\/en\/wp-json\/wp\/v2\/pages"}],"about":[{"href":"https:\/\/east-riverside.com\/en\/wp-json\/wp\/v2\/types\/page"}],"author":[{"embeddable":true,"href":"https:\/\/east-riverside.com\/en\/wp-json\/wp\/v2\/users\/1"}],"replies":[{"embeddable":true,"href":"https:\/\/east-riverside.com\/en\/wp-json\/wp\/v2\/comments?post=12481"}],"version-history":[{"count":10,"href":"https:\/\/east-riverside.com\/en\/wp-json\/wp\/v2\/pages\/12481\/revisions"}],"predecessor-version":[{"id":12824,"href":"https:\/\/east-riverside.com\/en\/wp-json\/wp\/v2\/pages\/12481\/revisions\/12824"}],"wp:attachment":[{"href":"https:\/\/east-riverside.com\/en\/wp-json\/wp\/v2\/media?parent=12481"}],"curies":[{"name":"wp","href":"https:\/\/api.w.org\/{rel}","templated":true}]}}