{"id":12615,"date":"2025-07-06T02:43:56","date_gmt":"2025-07-06T00:43:56","guid":{"rendered":"https:\/\/east-riverside.com\/?page_id=12615"},"modified":"2025-07-07T10:44:17","modified_gmt":"2025-07-07T08:44:17","slug":"auswahl-appartements","status":"publish","type":"page","link":"https:\/\/east-riverside.com\/en\/auswahl-appartements\/","title":{"rendered":"Selection of apartments"},"content":{"rendered":"<div data-elementor-type=\"wp-page\" data-elementor-id=\"12615\" class=\"elementor elementor-12615\">\n\t\t\t\t<div class=\"elementor-element elementor-element-f2921d7 e-grid e-con-boxed tm-col-stretched-none tm-bg-color-over-image e-con e-parent\" data-id=\"f2921d7\" data-element_type=\"container\" data-e-type=\"container\">\n\t\t\t\t\t<div class=\"e-con-inner\">\n\t\t\t\t<div class=\"elementor-element elementor-element-fed421f elementor-widget elementor-widget-tm-ele-pricing-plan\" data-id=\"fed421f\" data-element_type=\"widget\" data-e-type=\"widget\" data-widget_type=\"tm-ele-pricing-plan.skin-style1\">\n\t\t\t\t<div class=\"elementor-widget-container\">\n\t\t\t\t\t<!-- Pricing Block Style1-->\r\n<div class=\"tm-sc-pricing-plan  pricing-plan-hover-effect pricing-plan-box-shadow  pricing-plan-skin-style1\">\r\n\t<div class=\"inner-box\">\r\n\t\t<div class=\"pricing-plan-inner\">\r\n\t\t\t\r\n\t\t\t\t\t\t\t<h4 class=\"pricing-plan-title\">\r\n\t\t\t\t\tApartment with private balcony\t\t\t\t<\/h4>\r\n\t\t\t\t\t\t<div class=\"pricing-plan-pricing\">\r\n\t<div class=\"price price-normal\">\r\n\t\t\t\t<span class=\"pricing-plan-price\">199\u20ac<\/span>\t\t\t\t<span class=\"pricing-plan-separator\">*VAT included.<\/span>\t\t<span class=\"pricing-plan-postfix\">per night<\/span>\t<\/div>\r\n\r\n\t<\/div>\t\t\t\r\n<ul class=\"features-list\">\r\n\t<li class=\"\">\r\n\t\t<svg aria-hidden=\"true\" class=\"icon e-font-icon-svg e-fas-chevron-right\" viewbox=\"0 0 320 512\" xmlns=\"http:\/\/www.w3.org\/2000\/svg\"><path d=\"M285.476 272.971L91.132 467.314c-9.373 9.373-24.569 9.373-33.941 0l-22.667-22.667c-9.357-9.357-9.375-24.522-.04-33.901L188.505 256 34.484 101.255c-9.335-9.379-9.317-24.544.04-33.901l22.667-22.667c9.373-9.373 24.569-9.373 33.941 0L285.475 239.03c9.373 9.372 9.373 24.568.001 33.941z\"><\/path><\/svg>\t\t<span>\r\n\t\tFree WLAN\t\t<\/span>\r\n\t\t<div class=\"has-tooltip\" data-toggle=\"tooltip\" title=\"Start your free trial\"><i class=\"fas fa-info-circle tooltip-icon\"><\/i><\/div>\r\n\t<\/li>\r\n\t<li class=\"\">\r\n\t\t<svg aria-hidden=\"true\" class=\"icon e-font-icon-svg e-fas-chevron-right\" viewbox=\"0 0 320 512\" xmlns=\"http:\/\/www.w3.org\/2000\/svg\"><path d=\"M285.476 272.971L91.132 467.314c-9.373 9.373-24.569 9.373-33.941 0l-22.667-22.667c-9.357-9.357-9.375-24.522-.04-33.901L188.505 256 34.484 101.255c-9.335-9.379-9.317-24.544.04-33.901l22.667-22.667c9.373-9.373 24.569-9.373 33.941 0L285.475 239.03c9.373 9.372 9.373 24.568.001 33.941z\"><\/path><\/svg>\t\t<span>\r\n\t\tCleaning service\t\t<\/span>\r\n\t\t<div class=\"has-tooltip\" data-toggle=\"tooltip\" title=\"Start your free trial\"><i class=\"fas fa-info-circle tooltip-icon\"><\/i><\/div>\r\n\t<\/li>\r\n\t<li class=\"\">\r\n\t\t<svg aria-hidden=\"true\" class=\"icon e-font-icon-svg e-fas-chevron-right\" viewbox=\"0 0 320 512\" xmlns=\"http:\/\/www.w3.org\/2000\/svg\"><path d=\"M285.476 272.971L91.132 467.314c-9.373 9.373-24.569 9.373-33.941 0l-22.667-22.667c-9.357-9.357-9.375-24.522-.04-33.901L188.505 256 34.484 101.255c-9.335-9.379-9.317-24.544.04-33.901l22.667-22.667c9.373-9.373 24.569-9.373 33.941 0L285.475 239.03c9.373 9.372 9.373 24.568.001 33.941z\"><\/path><\/svg>\t\t<span>\r\n\t\tFree parking\t\t<\/span>\r\n\t\t<div class=\"has-tooltip\" data-toggle=\"tooltip\" title=\"Start your free trial\"><i class=\"fas fa-info-circle tooltip-icon\"><\/i><\/div>\r\n\t<\/li>\r\n\t<li class=\"\">\r\n\t\t<svg aria-hidden=\"true\" class=\"icon e-font-icon-svg e-fas-chevron-right\" viewbox=\"0 0 320 512\" xmlns=\"http:\/\/www.w3.org\/2000\/svg\"><path d=\"M285.476 272.971L91.132 467.314c-9.373 9.373-24.569 9.373-33.941 0l-22.667-22.667c-9.357-9.357-9.375-24.522-.04-33.901L188.505 256 34.484 101.255c-9.335-9.379-9.317-24.544.04-33.901l22.667-22.667c9.373-9.373 24.569-9.373 33.941 0L285.475 239.03c9.373 9.372 9.373 24.568.001 33.941z\"><\/path><\/svg>\t\t<span>\r\n\t\tFully equipped kitchen\t\t<\/span>\r\n\t\t<div class=\"has-tooltip\" data-toggle=\"tooltip\" title=\"Start your free trial\"><i class=\"fas fa-info-circle tooltip-icon\"><\/i><\/div>\r\n\t<\/li>\r\n\t<li class=\"\">\r\n\t\t<svg aria-hidden=\"true\" class=\"icon e-font-icon-svg e-fas-chevron-right\" viewbox=\"0 0 320 512\" xmlns=\"http:\/\/www.w3.org\/2000\/svg\"><path d=\"M285.476 272.971L91.132 467.314c-9.373 9.373-24.569 9.373-33.941 0l-22.667-22.667c-9.357-9.357-9.375-24.522-.04-33.901L188.505 256 34.484 101.255c-9.335-9.379-9.317-24.544.04-33.901l22.667-22.667c9.373-9.373 24.569-9.373 33.941 0L285.475 239.03c9.373 9.372 9.373 24.568.001 33.941z\"><\/path><\/svg>\t\t<span>\r\n\t\tComfortable shower room\t\t<\/span>\r\n\t\t<div class=\"has-tooltip\" data-toggle=\"tooltip\" title=\"Start your free trial\"><i class=\"fas fa-info-circle tooltip-icon\"><\/i><\/div>\r\n\t<\/li>\r\n\t<li class=\"\">\r\n\t\t<svg aria-hidden=\"true\" class=\"icon e-font-icon-svg e-fas-chevron-right\" viewbox=\"0 0 320 512\" xmlns=\"http:\/\/www.w3.org\/2000\/svg\"><path d=\"M285.476 272.971L91.132 467.314c-9.373 9.373-24.569 9.373-33.941 0l-22.667-22.667c-9.357-9.357-9.375-24.522-.04-33.901L188.505 256 34.484 101.255c-9.335-9.379-9.317-24.544.04-33.901l22.667-22.667c9.373-9.373 24.569-9.373 33.941 0L285.475 239.03c9.373 9.372 9.373 24.568.001 33.941z\"><\/path><\/svg>\t\t<span>\r\n\t\tadditionally large sofa bed\t\t<\/span>\r\n\t\t<div class=\"has-tooltip\" data-toggle=\"tooltip\" title=\"Start your free trial\"><i class=\"fas fa-info-circle tooltip-icon\"><\/i><\/div>\r\n\t<\/li>\r\n<\/ul>\t\t\t\t\t\t\t<div class=\"btn-view-details\">\r\n\t<a href=\"https:\/\/east-riverside.com\/en\/appartements\/\" data-normal-link=\"https:\/\/east-riverside.com\/appartements\/\" data-secondary-link=\"\"\r\n\t\ttarget=\"_self\"\r\n\t\tclass=\"btn btn-outline-theme-colored1 btn-outline\">\r\n\tMore\t<\/a>\r\n<\/div>\r\n\t\t\t\t\t<\/div>\r\n\t<\/div>\r\n<\/div>\t\t\t\t<\/div>\n\t\t\t\t<\/div>\n\t\t\t\t<div class=\"elementor-element elementor-element-c713349 elementor-widget elementor-widget-tm-ele-pricing-plan\" data-id=\"c713349\" data-element_type=\"widget\" data-e-type=\"widget\" data-widget_type=\"tm-ele-pricing-plan.skin-style1\">\n\t\t\t\t<div class=\"elementor-widget-container\">\n\t\t\t\t\t<!-- Pricing Block Style1-->\r\n<div class=\"tm-sc-pricing-plan  pricing-plan-hover-effect pricing-plan-box-shadow  pricing-plan-skin-style1\">\r\n\t<div class=\"inner-box\">\r\n\t\t<div class=\"pricing-plan-inner\">\r\n\t\t\t\r\n\t\t\t\t\t\t\t<h4 class=\"pricing-plan-title\">\r\n\t\t\t\t\tApartment with a view of the L\u00f6cknitz including a large balcony\t\t\t\t<\/h4>\r\n\t\t\t\t\t\t<div class=\"pricing-plan-pricing\">\r\n\t<div class=\"price price-normal\">\r\n\t\t\t\t<span class=\"pricing-plan-price\">249\u20ac<\/span>\t\t\t\t<span class=\"pricing-plan-separator\">*VAT included.<\/span>\t\t<span class=\"pricing-plan-postfix\">per night<\/span>\t<\/div>\r\n\r\n\t<\/div>\t\t\t\r\n<ul class=\"features-list\">\r\n\t<li class=\"\">\r\n\t\t<svg aria-hidden=\"true\" class=\"icon e-font-icon-svg e-fas-chevron-right\" viewbox=\"0 0 320 512\" xmlns=\"http:\/\/www.w3.org\/2000\/svg\"><path d=\"M285.476 272.971L91.132 467.314c-9.373 9.373-24.569 9.373-33.941 0l-22.667-22.667c-9.357-9.357-9.375-24.522-.04-33.901L188.505 256 34.484 101.255c-9.335-9.379-9.317-24.544.04-33.901l22.667-22.667c9.373-9.373 24.569-9.373 33.941 0L285.475 239.03c9.373 9.372 9.373 24.568.001 33.941z\"><\/path><\/svg>\t\t<span>\r\n\t\tFree WLAN\t\t<\/span>\r\n\t\t<div class=\"has-tooltip\" data-toggle=\"tooltip\" title=\"Start your free trial\"><i class=\"fas fa-info-circle tooltip-icon\"><\/i><\/div>\r\n\t<\/li>\r\n\t<li class=\"\">\r\n\t\t<svg aria-hidden=\"true\" class=\"icon e-font-icon-svg e-fas-chevron-right\" viewbox=\"0 0 320 512\" xmlns=\"http:\/\/www.w3.org\/2000\/svg\"><path d=\"M285.476 272.971L91.132 467.314c-9.373 9.373-24.569 9.373-33.941 0l-22.667-22.667c-9.357-9.357-9.375-24.522-.04-33.901L188.505 256 34.484 101.255c-9.335-9.379-9.317-24.544.04-33.901l22.667-22.667c9.373-9.373 24.569-9.373 33.941 0L285.475 239.03c9.373 9.372 9.373 24.568.001 33.941z\"><\/path><\/svg>\t\t<span>\r\n\t\tCleaning service\t\t<\/span>\r\n\t\t<div class=\"has-tooltip\" data-toggle=\"tooltip\" title=\"Start your free trial\"><i class=\"fas fa-info-circle tooltip-icon\"><\/i><\/div>\r\n\t<\/li>\r\n\t<li class=\"\">\r\n\t\t<svg aria-hidden=\"true\" class=\"icon e-font-icon-svg e-fas-chevron-right\" viewbox=\"0 0 320 512\" xmlns=\"http:\/\/www.w3.org\/2000\/svg\"><path d=\"M285.476 272.971L91.132 467.314c-9.373 9.373-24.569 9.373-33.941 0l-22.667-22.667c-9.357-9.357-9.375-24.522-.04-33.901L188.505 256 34.484 101.255c-9.335-9.379-9.317-24.544.04-33.901l22.667-22.667c9.373-9.373 24.569-9.373 33.941 0L285.475 239.03c9.373 9.372 9.373 24.568.001 33.941z\"><\/path><\/svg>\t\t<span>\r\n\t\tFree parking\t\t<\/span>\r\n\t\t<div class=\"has-tooltip\" data-toggle=\"tooltip\" title=\"Start your free trial\"><i class=\"fas fa-info-circle tooltip-icon\"><\/i><\/div>\r\n\t<\/li>\r\n\t<li class=\"\">\r\n\t\t<svg aria-hidden=\"true\" class=\"icon e-font-icon-svg e-fas-chevron-right\" viewbox=\"0 0 320 512\" xmlns=\"http:\/\/www.w3.org\/2000\/svg\"><path d=\"M285.476 272.971L91.132 467.314c-9.373 9.373-24.569 9.373-33.941 0l-22.667-22.667c-9.357-9.357-9.375-24.522-.04-33.901L188.505 256 34.484 101.255c-9.335-9.379-9.317-24.544.04-33.901l22.667-22.667c9.373-9.373 24.569-9.373 33.941 0L285.475 239.03c9.373 9.372 9.373 24.568.001 33.941z\"><\/path><\/svg>\t\t<span>\r\n\t\tFully equipped kitchen\t\t<\/span>\r\n\t\t<div class=\"has-tooltip\" data-toggle=\"tooltip\" title=\"Start your free trial\"><i class=\"fas fa-info-circle tooltip-icon\"><\/i><\/div>\r\n\t<\/li>\r\n\t<li class=\"\">\r\n\t\t<svg aria-hidden=\"true\" class=\"icon e-font-icon-svg e-fas-chevron-right\" viewbox=\"0 0 320 512\" xmlns=\"http:\/\/www.w3.org\/2000\/svg\"><path d=\"M285.476 272.971L91.132 467.314c-9.373 9.373-24.569 9.373-33.941 0l-22.667-22.667c-9.357-9.357-9.375-24.522-.04-33.901L188.505 256 34.484 101.255c-9.335-9.379-9.317-24.544.04-33.901l22.667-22.667c9.373-9.373 24.569-9.373 33.941 0L285.475 239.03c9.373 9.372 9.373 24.568.001 33.941z\"><\/path><\/svg>\t\t<span>\r\n\t\tComfortable shower room\t\t<\/span>\r\n\t\t<div class=\"has-tooltip\" data-toggle=\"tooltip\" title=\"Start your free trial\"><i class=\"fas fa-info-circle tooltip-icon\"><\/i><\/div>\r\n\t<\/li>\r\n\t<li class=\"\">\r\n\t\t<svg aria-hidden=\"true\" class=\"icon e-font-icon-svg e-fas-chevron-right\" viewbox=\"0 0 320 512\" xmlns=\"http:\/\/www.w3.org\/2000\/svg\"><path d=\"M285.476 272.971L91.132 467.314c-9.373 9.373-24.569 9.373-33.941 0l-22.667-22.667c-9.357-9.357-9.375-24.522-.04-33.901L188.505 256 34.484 101.255c-9.335-9.379-9.317-24.544.04-33.901l22.667-22.667c9.373-9.373 24.569-9.373 33.941 0L285.475 239.03c9.373 9.372 9.373 24.568.001 33.941z\"><\/path><\/svg>\t\t<span>\r\n\t\tadditionally large sofa bed\t\t<\/span>\r\n\t\t<div class=\"has-tooltip\" data-toggle=\"tooltip\" title=\"Start your free trial\"><i class=\"fas fa-info-circle tooltip-icon\"><\/i><\/div>\r\n\t<\/li>\r\n<\/ul>\t\t\t\t\t\t\t<div class=\"btn-view-details\">\r\n\t<a href=\"https:\/\/east-riverside.com\/en\/appartements\/\" data-normal-link=\"https:\/\/east-riverside.com\/appartements\/\" data-secondary-link=\"\"\r\n\t\ttarget=\"_self\"\r\n\t\tclass=\"btn btn-outline-theme-colored1 btn-outline\">\r\n\tMore\t<\/a>\r\n<\/div>\r\n\t\t\t\t\t<\/div>\r\n\t<\/div>\r\n<\/div>\t\t\t\t<\/div>\n\t\t\t\t<\/div>\n\t\t\t\t<div class=\"elementor-element elementor-element-1263e6f elementor-widget elementor-widget-tm-ele-pricing-plan\" data-id=\"1263e6f\" data-element_type=\"widget\" data-e-type=\"widget\" data-widget_type=\"tm-ele-pricing-plan.skin-style1\">\n\t\t\t\t<div class=\"elementor-widget-container\">\n\t\t\t\t\t<!-- Pricing Block Style1-->\r\n<div class=\"tm-sc-pricing-plan has-label pricing-plan-hover-effect pricing-plan-box-shadow  pricing-plan-skin-style1\">\r\n\t<div class=\"inner-box\">\r\n\t\t<div class=\"pricing-plan-inner\">\r\n\t\t\t\r\n\t\t\t\t\t\t\t<h4 class=\"pricing-plan-title\">\r\n\t\t\t\t\tApartment with view of the L\u00f6cknitz including terrace\t\t\t\t<\/h4>\r\n\t\t\t\t\t\t<div class=\"pricing-plan-pricing\">\r\n\t<div class=\"price price-normal\">\r\n\t\t\t\t<span class=\"pricing-plan-price\">299\u20ac<\/span>\t\t\t\t<span class=\"pricing-plan-separator\">*VAT included.<\/span>\t\t<span class=\"pricing-plan-postfix\">per night<\/span>\t<\/div>\r\n\r\n\t<\/div>\t\t\t\r\n<ul class=\"features-list\">\r\n\t<li class=\"\">\r\n\t\t<svg aria-hidden=\"true\" class=\"icon e-font-icon-svg e-fas-chevron-right\" viewbox=\"0 0 320 512\" xmlns=\"http:\/\/www.w3.org\/2000\/svg\"><path d=\"M285.476 272.971L91.132 467.314c-9.373 9.373-24.569 9.373-33.941 0l-22.667-22.667c-9.357-9.357-9.375-24.522-.04-33.901L188.505 256 34.484 101.255c-9.335-9.379-9.317-24.544.04-33.901l22.667-22.667c9.373-9.373 24.569-9.373 33.941 0L285.475 239.03c9.373 9.372 9.373 24.568.001 33.941z\"><\/path><\/svg>\t\t<span>\r\n\t\tFree WLAN\t\t<\/span>\r\n\t\t<div class=\"has-tooltip\" data-toggle=\"tooltip\" title=\"Start your free trial\"><i class=\"fas fa-info-circle tooltip-icon\"><\/i><\/div>\r\n\t<\/li>\r\n\t<li class=\"\">\r\n\t\t<svg aria-hidden=\"true\" class=\"icon e-font-icon-svg e-fas-chevron-right\" viewbox=\"0 0 320 512\" xmlns=\"http:\/\/www.w3.org\/2000\/svg\"><path d=\"M285.476 272.971L91.132 467.314c-9.373 9.373-24.569 9.373-33.941 0l-22.667-22.667c-9.357-9.357-9.375-24.522-.04-33.901L188.505 256 34.484 101.255c-9.335-9.379-9.317-24.544.04-33.901l22.667-22.667c9.373-9.373 24.569-9.373 33.941 0L285.475 239.03c9.373 9.372 9.373 24.568.001 33.941z\"><\/path><\/svg>\t\t<span>\r\n\t\tCleaning service\t\t<\/span>\r\n\t\t<div class=\"has-tooltip\" data-toggle=\"tooltip\" title=\"Start your free trial\"><i class=\"fas fa-info-circle tooltip-icon\"><\/i><\/div>\r\n\t<\/li>\r\n\t<li class=\"\">\r\n\t\t<svg aria-hidden=\"true\" class=\"icon e-font-icon-svg e-fas-chevron-right\" viewbox=\"0 0 320 512\" xmlns=\"http:\/\/www.w3.org\/2000\/svg\"><path d=\"M285.476 272.971L91.132 467.314c-9.373 9.373-24.569 9.373-33.941 0l-22.667-22.667c-9.357-9.357-9.375-24.522-.04-33.901L188.505 256 34.484 101.255c-9.335-9.379-9.317-24.544.04-33.901l22.667-22.667c9.373-9.373 24.569-9.373 33.941 0L285.475 239.03c9.373 9.372 9.373 24.568.001 33.941z\"><\/path><\/svg>\t\t<span>\r\n\t\tFree parking\t\t<\/span>\r\n\t\t<div class=\"has-tooltip\" data-toggle=\"tooltip\" title=\"Start your free trial\"><i class=\"fas fa-info-circle tooltip-icon\"><\/i><\/div>\r\n\t<\/li>\r\n\t<li class=\"\">\r\n\t\t<svg aria-hidden=\"true\" class=\"icon e-font-icon-svg e-fas-chevron-right\" viewbox=\"0 0 320 512\" xmlns=\"http:\/\/www.w3.org\/2000\/svg\"><path d=\"M285.476 272.971L91.132 467.314c-9.373 9.373-24.569 9.373-33.941 0l-22.667-22.667c-9.357-9.357-9.375-24.522-.04-33.901L188.505 256 34.484 101.255c-9.335-9.379-9.317-24.544.04-33.901l22.667-22.667c9.373-9.373 24.569-9.373 33.941 0L285.475 239.03c9.373 9.372 9.373 24.568.001 33.941z\"><\/path><\/svg>\t\t<span>\r\n\t\tFully equipped kitchen\t\t<\/span>\r\n\t\t<div class=\"has-tooltip\" data-toggle=\"tooltip\" title=\"Start your free trial\"><i class=\"fas fa-info-circle tooltip-icon\"><\/i><\/div>\r\n\t<\/li>\r\n\t<li class=\"\">\r\n\t\t<svg aria-hidden=\"true\" class=\"icon e-font-icon-svg e-fas-chevron-right\" viewbox=\"0 0 320 512\" xmlns=\"http:\/\/www.w3.org\/2000\/svg\"><path d=\"M285.476 272.971L91.132 467.314c-9.373 9.373-24.569 9.373-33.941 0l-22.667-22.667c-9.357-9.357-9.375-24.522-.04-33.901L188.505 256 34.484 101.255c-9.335-9.379-9.317-24.544.04-33.901l22.667-22.667c9.373-9.373 24.569-9.373 33.941 0L285.475 239.03c9.373 9.372 9.373 24.568.001 33.941z\"><\/path><\/svg>\t\t<span>\r\n\t\tComfortable shower room\t\t<\/span>\r\n\t\t<div class=\"has-tooltip\" data-toggle=\"tooltip\" title=\"Start your free trial\"><i class=\"fas fa-info-circle tooltip-icon\"><\/i><\/div>\r\n\t<\/li>\r\n\t<li class=\"\">\r\n\t\t<svg aria-hidden=\"true\" class=\"icon e-font-icon-svg e-fas-chevron-right\" viewbox=\"0 0 320 512\" xmlns=\"http:\/\/www.w3.org\/2000\/svg\"><path d=\"M285.476 272.971L91.132 467.314c-9.373 9.373-24.569 9.373-33.941 0l-22.667-22.667c-9.357-9.357-9.375-24.522-.04-33.901L188.505 256 34.484 101.255c-9.335-9.379-9.317-24.544.04-33.901l22.667-22.667c9.373-9.373 24.569-9.373 33.941 0L285.475 239.03c9.373 9.372 9.373 24.568.001 33.941z\"><\/path><\/svg>\t\t<span>\r\n\t\tadditionally large sofa bed\t\t<\/span>\r\n\t\t<div class=\"has-tooltip\" data-toggle=\"tooltip\" title=\"Start your free trial\"><i class=\"fas fa-info-circle tooltip-icon\"><\/i><\/div>\r\n\t<\/li>\r\n<\/ul>\t\t\t\t\t\t\t<div class=\"btn-view-details\">\r\n\t<a href=\"https:\/\/east-riverside.com\/en\/appartements\/\" data-normal-link=\"https:\/\/east-riverside.com\/appartements\/\" data-secondary-link=\"\"\r\n\t\ttarget=\"_self\"\r\n\t\tclass=\"btn btn-outline-theme-colored1 btn-outline\">\r\n\tMore\t<\/a>\r\n<\/div>\r\n\t\t\t\t\t<\/div>\r\n\t<\/div>\r\n<\/div>\t\t\t\t<\/div>\n\t\t\t\t<\/div>\n\t\t\t\t\t<\/div>\n\t\t\t\t<\/div>\n\t\t\t\t<\/div>","protected":false},"excerpt":{"rendered":"<p>Appartement mit eigenem Balkom 199\u20ac *inkl. MwSt. pro Nacht Gratis WLAN Reinigungs-Service Kostenlose Parkpl\u00e4tze Voll Ausgestattete K\u00fcche Komfortables Duschbad zus\u00e4tzlich&#8230;<\/p>","protected":false},"author":1,"featured_media":0,"parent":0,"menu_order":0,"comment_status":"closed","ping_status":"closed","template":"","meta":{"footnotes":""},"class_list":["post-12615","page","type-page","status-publish","hentry"],"_links":{"self":[{"href":"https:\/\/east-riverside.com\/en\/wp-json\/wp\/v2\/pages\/12615","targetHints":{"allow":["GET"]}}],"collection":[{"href":"https:\/\/east-riverside.com\/en\/wp-json\/wp\/v2\/pages"}],"about":[{"href":"https:\/\/east-riverside.com\/en\/wp-json\/wp\/v2\/types\/page"}],"author":[{"embeddable":true,"href":"https:\/\/east-riverside.com\/en\/wp-json\/wp\/v2\/users\/1"}],"replies":[{"embeddable":true,"href":"https:\/\/east-riverside.com\/en\/wp-json\/wp\/v2\/comments?post=12615"}],"version-history":[{"count":10,"href":"https:\/\/east-riverside.com\/en\/wp-json\/wp\/v2\/pages\/12615\/revisions"}],"predecessor-version":[{"id":12827,"href":"https:\/\/east-riverside.com\/en\/wp-json\/wp\/v2\/pages\/12615\/revisions\/12827"}],"wp:attachment":[{"href":"https:\/\/east-riverside.com\/en\/wp-json\/wp\/v2\/media?parent=12615"}],"curies":[{"name":"wp","href":"https:\/\/api.w.org\/{rel}","templated":true}]}}