{"id":12768,"date":"2025-07-06T14:25:47","date_gmt":"2025-07-06T12:25:47","guid":{"rendered":"https:\/\/east-riverside.com\/?page_id=12768"},"modified":"2025-07-06T14:38:12","modified_gmt":"2025-07-06T12:38:12","slug":"anfahrt","status":"publish","type":"page","link":"https:\/\/east-riverside.com\/en\/anfahrt\/","title":{"rendered":"Directions"},"content":{"rendered":"<div data-elementor-type=\"wp-page\" data-elementor-id=\"12768\" class=\"elementor elementor-12768\">\n\t\t\t\t<div class=\"elementor-element elementor-element-1b71bff e-flex e-con-boxed tm-col-stretched-none tm-bg-color-over-image e-con e-parent\" data-id=\"1b71bff\" data-element_type=\"container\" data-e-type=\"container\">\n\t\t\t\t\t<div class=\"e-con-inner\">\n\t\t\t\t<div class=\"elementor-element elementor-element-f06834d horizontal-line-align-left vertical-line-align-bottom elementor-widget elementor-widget-tm-ele-section-title\" data-id=\"f06834d\" data-element_type=\"widget\" data-e-type=\"widget\" data-widget_type=\"tm-ele-section-title.default\">\n\t\t\t\t<div class=\"elementor-widget-container\">\n\t\t\t\t\t<div class=\"tm-sc-section-title section-title line-right-current-theme\">\r\n\t<div class=\"title-wrapper\">\r\n\t\t\t\t\r\n\r\n<div class=\"sub-title-outer\">\r\n\t\t<div class=\"subtitle\">\r\n\r\n\t\t\r\n\t\tEast-Riverside boardinghouse\t<\/div>\r\n\t<\/div>\t\t\t<h2 class=\"title tm-split-text split-in-right\">\r\n\r\n\t\t\r\n\t\t\t\t<span class=\"title-part1\">\ud83d\ude97 Travelling by car from Gr\u00fcnheide (Mark)<\/span>\r\n\t\t\t\t\r\n\t\t\r\n\t<\/h2>\r\n\t<div class=\"title-seperator-line\"><\/div>\t\t\t\t\t\t<\/div>\r\n<\/div>\t\t\t\t<\/div>\n\t\t\t\t<\/div>\n\t\t\t\t\t<\/div>\n\t\t\t\t<\/div>\n\t\t<div class=\"elementor-element elementor-element-ab2bf72 e-flex e-con-boxed tm-col-stretched-none tm-bg-color-over-image e-con e-parent\" data-id=\"ab2bf72\" data-element_type=\"container\" data-e-type=\"container\">\n\t\t\t\t\t<div class=\"e-con-inner\">\n\t\t\t\t<div class=\"elementor-element elementor-element-ca32560 elementor-widget-mobile__width-initial elementor-widget elementor-widget-tm-ele-text-editor\" data-id=\"ca32560\" data-element_type=\"widget\" data-e-type=\"widget\" data-widget_type=\"tm-ele-text-editor.default\">\n\t\t\t\t<div class=\"elementor-widget-container\">\n\t\t\t\t\t\t\t<div class=\"tm-text-editor\">\r\n\t\t<ul><li><span style=\"color: #ffffff;\">Start in Gr\u00fcnheide (Mark) via Karl-Marx-Stra\u00dfe or K\u00f6nigs Wusterhausener Stra\u00dfe.<\/span><\/li><li><span style=\"color: #ffffff;\">Follow the road towards Erkner (approx. 6-7 km).<\/span><\/li><li><span style=\"color: #ffffff;\">In Erkner, take the Friedrichstra\u00dfe.<\/span><\/li><li><span style=\"color: #ffffff;\">Turn right into Theodor-Fontane-Weg\u00a0<\/span><\/li><li><span style=\"color: #ffffff;\">The boarding house is on the left side, 1A.<\/span><\/li><li><span style=\"color: #ffffff;\">\ud83d\udd52 Travel time: approx. 10\u201315 minutes, depending on traffic.<\/span><\/li><\/ul>\t\t<\/div>\r\n\t\t\t\t\t<\/div>\n\t\t\t\t<\/div>\n\t\t\t\t\t<\/div>\n\t\t\t\t<\/div>\n\t\t<div class=\"elementor-element elementor-element-2daa804 e-flex e-con-boxed tm-col-stretched-none tm-bg-color-over-image e-con e-parent\" data-id=\"2daa804\" data-element_type=\"container\" data-e-type=\"container\">\n\t\t\t\t\t<div class=\"e-con-inner\">\n\t\t\t\t<div class=\"elementor-element elementor-element-5167923 horizontal-line-align-left vertical-line-align-bottom elementor-widget elementor-widget-tm-ele-section-title\" data-id=\"5167923\" data-element_type=\"widget\" data-e-type=\"widget\" data-widget_type=\"tm-ele-section-title.default\">\n\t\t\t\t<div class=\"elementor-widget-container\">\n\t\t\t\t\t<div class=\"tm-sc-section-title section-title line-right-current-theme\">\r\n\t<div class=\"title-wrapper\">\r\n\t\t\t\t\r\n\r\n<div class=\"sub-title-outer\">\r\n\t\t<div class=\"subtitle\">\r\n\r\n\t\t\r\n\t\tEast-Riverside boardinghouse\t<\/div>\r\n\t<\/div>\t\t\t<h2 class=\"title tm-split-text split-in-right\">\r\n\r\n\t\t\r\n\t\t\t\t<span class=\"title-part1\">\ud83d\ude86 Travelling by public transport from Gr\u00fcnheide (Mark)<\/span>\r\n\t\t\t\t\r\n\t\t\r\n\t<\/h2>\r\n\t<div class=\"title-seperator-line\"><\/div>\t\t\t\t\t\t<\/div>\r\n<\/div>\t\t\t\t<\/div>\n\t\t\t\t<\/div>\n\t\t\t\t\t<\/div>\n\t\t\t\t<\/div>\n\t\t<div class=\"elementor-element elementor-element-92f0e49 e-flex e-con-boxed tm-col-stretched-none tm-bg-color-over-image e-con e-parent\" data-id=\"92f0e49\" data-element_type=\"container\" data-e-type=\"container\">\n\t\t\t\t\t<div class=\"e-con-inner\">\n\t\t\t\t<div class=\"elementor-element elementor-element-763817b elementor-widget-mobile__width-initial elementor-widget elementor-widget-tm-ele-text-editor\" data-id=\"763817b\" data-element_type=\"widget\" data-e-type=\"widget\" data-widget_type=\"tm-ele-text-editor.default\">\n\t\t\t\t<div class=\"elementor-widget-container\">\n\t\t\t\t\t\t\t<div class=\"tm-text-editor\">\r\n\t\t<ul><li><span style=\"color: #ffffff;\">Option 1: By regional railway<\/span><br \/><span style=\"color: #ffffff;\">At Gr\u00fcnheide (Mark) station, take the regional train RB36 in the direction of Erkner.<\/span><\/li><li><span style=\"color: #ffffff;\">Exit: Erkner railway station - journey time approx. 6 minutes.<\/span><\/li><li><span style=\"color: #ffffff;\">From there:<\/span><\/li><li><span style=\"color: #ffffff;\">On foot: approx. 15 minutes via Friedrichstra\u00dfe and then turn right into Theodor-Fontane-Weg.<\/span><\/li><li><span style=\"color: #ffffff;\">Or by bus: Line 161 (direction Neu Zittau) to Friedrichstra\u00dfe, then a short walk (approx. 4 minutes).<\/span><\/li><\/ul><ul><li><span style=\"color: #ffffff;\">Option 2: By bus<br \/><\/span><span style=\"color: #ffffff;\">Alternatively, you can take bus 429 or 430 (depending on the bus stop in Gr\u00fcnheide) in the direction of Erkner.<\/span><\/li><li><span style=\"color: #ffffff;\">Change may be necessary - check exact times via VBB.de or a public transport app.<\/span><\/li><li><span style=\"color: #ffffff;\">\ud83d\udd52 Total journey time (depending on the connection): approx. 20-30 minutes.<\/span><\/li><\/ul>\t\t<\/div>\r\n\t\t\t\t\t<\/div>\n\t\t\t\t<\/div>\n\t\t\t\t\t<\/div>\n\t\t\t\t<\/div>\n\t\t<div class=\"elementor-element elementor-element-c175bde e-flex e-con-boxed tm-col-stretched-none tm-bg-color-over-image e-con e-parent\" data-id=\"c175bde\" data-element_type=\"container\" data-e-type=\"container\">\n\t\t\t\t\t<div class=\"e-con-inner\">\n\t\t\t\t<div class=\"elementor-element elementor-element-394a262 elementor-widget elementor-widget-spacer\" data-id=\"394a262\" data-element_type=\"widget\" data-e-type=\"widget\" data-widget_type=\"spacer.default\">\n\t\t\t\t<div class=\"elementor-widget-container\">\n\t\t\t\t\t\t\t<div class=\"elementor-spacer\">\n\t\t\t<div class=\"elementor-spacer-inner\"><\/div>\n\t\t<\/div>\n\t\t\t\t\t\t<\/div>\n\t\t\t\t<\/div>\n\t\t\t\t<div class=\"elementor-element elementor-element-22728a2 elementor-widget elementor-widget-spacer\" data-id=\"22728a2\" data-element_type=\"widget\" data-e-type=\"widget\" data-widget_type=\"spacer.default\">\n\t\t\t\t<div class=\"elementor-widget-container\">\n\t\t\t\t\t\t\t<div class=\"elementor-spacer\">\n\t\t\t<div class=\"elementor-spacer-inner\"><\/div>\n\t\t<\/div>\n\t\t\t\t\t\t<\/div>\n\t\t\t\t<\/div>\n\t\t\t\t\t<\/div>\n\t\t\t\t<\/div>\n\t\t<div class=\"elementor-element elementor-element-117536e e-flex e-con-boxed tm-col-stretched-none tm-bg-color-over-image e-con e-parent\" data-id=\"117536e\" data-element_type=\"container\" data-e-type=\"container\">\n\t\t\t\t\t<div class=\"e-con-inner\">\n\t\t\t\t<div class=\"elementor-element elementor-element-9ba166a horizontal-line-align-left vertical-line-align-bottom elementor-widget elementor-widget-tm-ele-section-title\" data-id=\"9ba166a\" data-element_type=\"widget\" data-e-type=\"widget\" data-widget_type=\"tm-ele-section-title.default\">\n\t\t\t\t<div class=\"elementor-widget-container\">\n\t\t\t\t\t<div class=\"tm-sc-section-title section-title line-right-current-theme\">\r\n\t<div class=\"title-wrapper\">\r\n\t\t\t\t\r\n\r\n<div class=\"sub-title-outer\">\r\n\t\t<div class=\"subtitle\">\r\n\r\n\t\t\r\n\t\tEast-Riverside boardinghouse\t<\/div>\r\n\t<\/div>\t\t\t<h2 class=\"title tm-split-text split-in-right\">\r\n\r\n\t\t\r\n\t\t\t\t<span class=\"title-part1\">\ud83d\ude97 Travelling by car:\nFrom Berlin<\/span>\r\n\t\t\t\t\r\n\t\t\r\n\t<\/h2>\r\n\t<div class=\"title-seperator-line\"><\/div>\t\t\t\t\t\t<\/div>\r\n<\/div>\t\t\t\t<\/div>\n\t\t\t\t<\/div>\n\t\t\t\t\t<\/div>\n\t\t\t\t<\/div>\n\t\t<div class=\"elementor-element elementor-element-6087e84 e-flex e-con-boxed tm-col-stretched-none tm-bg-color-over-image e-con e-parent\" data-id=\"6087e84\" data-element_type=\"container\" data-e-type=\"container\">\n\t\t\t\t\t<div class=\"e-con-inner\">\n\t\t\t\t<div class=\"elementor-element elementor-element-ab3da3f elementor-widget-mobile__width-initial elementor-widget elementor-widget-tm-ele-text-editor\" data-id=\"ab3da3f\" data-element_type=\"widget\" data-e-type=\"widget\" data-widget_type=\"tm-ele-text-editor.default\">\n\t\t\t\t<div class=\"elementor-widget-container\">\n\t\t\t\t\t\t\t<div class=\"tm-text-editor\">\r\n\t\t<ul><li><span style=\"color: #ffffff;\">Take the A10 motorway (Berliner Ring) to the Erkner exit (exit 4).<\/span><\/li><li><span style=\"color: #ffffff;\">Follow the federal road B1\/B5 in the direction of Erkner.<\/span><\/li><li><span style=\"color: #ffffff;\">In Erkner, turn onto Friedrichstra\u00dfe.<\/span><\/li><li><span style=\"color: #ffffff;\">Follow the signs to Theodor-Fontane-Weg.<\/span><\/li><li><span style=\"color: #ffffff;\">The boarding house is located at Theodor-Fontane-Weg 1A.<\/span><\/li><\/ul>\t\t<\/div>\r\n\t\t\t\t\t<\/div>\n\t\t\t\t<\/div>\n\t\t\t\t\t<\/div>\n\t\t\t\t<\/div>\n\t\t<div class=\"elementor-element elementor-element-2015d0d e-flex e-con-boxed tm-col-stretched-none tm-bg-color-over-image e-con e-parent\" data-id=\"2015d0d\" data-element_type=\"container\" data-e-type=\"container\">\n\t\t\t\t\t<div class=\"e-con-inner\">\n\t\t\t\t<div class=\"elementor-element elementor-element-000c342 horizontal-line-align-left vertical-line-align-bottom elementor-widget elementor-widget-tm-ele-section-title\" data-id=\"000c342\" data-element_type=\"widget\" data-e-type=\"widget\" data-widget_type=\"tm-ele-section-title.default\">\n\t\t\t\t<div class=\"elementor-widget-container\">\n\t\t\t\t\t<div class=\"tm-sc-section-title section-title line-right-current-theme\">\r\n\t<div class=\"title-wrapper\">\r\n\t\t\t\t\r\n\r\n<div class=\"sub-title-outer\">\r\n\t\t<div class=\"subtitle\">\r\n\r\n\t\t\r\n\t\tEast-Riverside boardinghouse\t<\/div>\r\n\t<\/div>\t\t\t<h2 class=\"title tm-split-text split-in-right\">\r\n\r\n\t\t\r\n\t\t\t\t<span class=\"title-part1\">\ud83d\ude86 Travelling by public transport<\/span>\r\n\t\t\t\t\r\n\t\t\r\n\t<\/h2>\r\n\t<div class=\"title-seperator-line\"><\/div>\t\t\t\t\t\t<\/div>\r\n<\/div>\t\t\t\t<\/div>\n\t\t\t\t<\/div>\n\t\t\t\t\t<\/div>\n\t\t\t\t<\/div>\n\t\t<div class=\"elementor-element elementor-element-52114e2 e-flex e-con-boxed tm-col-stretched-none tm-bg-color-over-image e-con e-parent\" data-id=\"52114e2\" data-element_type=\"container\" data-e-type=\"container\">\n\t\t\t\t\t<div class=\"e-con-inner\">\n\t\t\t\t<div class=\"elementor-element elementor-element-bbbe7d9 elementor-widget-mobile__width-initial elementor-widget elementor-widget-tm-ele-text-editor\" data-id=\"bbbe7d9\" data-element_type=\"widget\" data-e-type=\"widget\" data-widget_type=\"tm-ele-text-editor.default\">\n\t\t\t\t<div class=\"elementor-widget-container\">\n\t\t\t\t\t\t\t<div class=\"tm-text-editor\">\r\n\t\t<ul><li><span style=\"color: #ffffff;\">From Berlin Central Station:<\/span><\/li><li><span style=\"color: #ffffff;\">Take the S-Bahn line S3 (direction Erkner).<\/span><\/li><li><span style=\"color: #ffffff;\">Exit: Erkner (terminus) - journey time approx. 40 minutes.<\/span><\/li><li><span style=\"color: #ffffff;\">From Erkner railway station it is about a 15-minute walk to the boarding house:<\/span><\/li><li><span style=\"color: #ffffff;\">Leave the station in the direction of Friedrichstra\u00dfe and follow this road.<\/span><\/li><li><span style=\"color: #ffffff;\">Turn right into Theodor-Fontane-Weg.<\/span><\/li><li><span style=\"color: #ffffff;\">The boarding house is on the left side, 1A.<\/span><\/li><li><span style=\"color: #ffffff;\">Alternatively from Erkner railway station:<\/span><\/li><li><span style=\"color: #ffffff;\">Bus route 161 (direction Neu Zittau) to the Friedrichstra\u00dfe stop (1 stop).<\/span><\/li><li><span style=\"color: #ffffff;\">From there it is a 4-minute walk to the boarding house.<\/span><\/li><\/ul>\t\t<\/div>\r\n\t\t\t\t\t<\/div>\n\t\t\t\t<\/div>\n\t\t\t\t\t<\/div>\n\t\t\t\t<\/div>\n\t\t\t\t<\/div>","protected":false},"excerpt":{"rendered":"<p>East-Riverside boardinghouse \ud83d\ude97 Anreise mit dem Auto aus Gr\u00fcnheide (Mark) Starten Sie in Gr\u00fcnheide (Mark) \u00fcber die Karl-Marx-Stra\u00dfe oder K\u00f6nigs&#8230;<\/p>","protected":false},"author":1,"featured_media":0,"parent":0,"menu_order":0,"comment_status":"closed","ping_status":"closed","template":"","meta":{"footnotes":""},"class_list":["post-12768","page","type-page","status-publish","hentry"],"_links":{"self":[{"href":"https:\/\/east-riverside.com\/en\/wp-json\/wp\/v2\/pages\/12768","targetHints":{"allow":["GET"]}}],"collection":[{"href":"https:\/\/east-riverside.com\/en\/wp-json\/wp\/v2\/pages"}],"about":[{"href":"https:\/\/east-riverside.com\/en\/wp-json\/wp\/v2\/types\/page"}],"author":[{"embeddable":true,"href":"https:\/\/east-riverside.com\/en\/wp-json\/wp\/v2\/users\/1"}],"replies":[{"embeddable":true,"href":"https:\/\/east-riverside.com\/en\/wp-json\/wp\/v2\/comments?post=12768"}],"version-history":[{"count":10,"href":"https:\/\/east-riverside.com\/en\/wp-json\/wp\/v2\/pages\/12768\/revisions"}],"predecessor-version":[{"id":12780,"href":"https:\/\/east-riverside.com\/en\/wp-json\/wp\/v2\/pages\/12768\/revisions\/12780"}],"wp:attachment":[{"href":"https:\/\/east-riverside.com\/en\/wp-json\/wp\/v2\/media?parent=12768"}],"curies":[{"name":"wp","href":"https:\/\/api.w.org\/{rel}","templated":true}]}}