{"id":12928,"date":"2026-01-24T18:33:14","date_gmt":"2026-01-24T17:33:14","guid":{"rendered":"https:\/\/east-riverside.com\/?page_id=12928"},"modified":"2026-01-24T18:38:51","modified_gmt":"2026-01-24T17:38:51","slug":"agb","status":"publish","type":"page","link":"https:\/\/east-riverside.com\/en\/agb\/","title":{"rendered":"AGB"},"content":{"rendered":"<div data-elementor-type=\"wp-page\" data-elementor-id=\"12928\" class=\"elementor elementor-12928\">\n\t\t\t\t<div class=\"elementor-element elementor-element-99ec715 e-flex e-con-boxed tm-col-stretched-none tm-bg-color-over-image e-con e-parent\" data-id=\"99ec715\" data-element_type=\"container\" data-e-type=\"container\">\n\t\t\t\t\t<div class=\"e-con-inner\">\n\t\t\t\t<div class=\"elementor-element elementor-element-3be8c45 elementor-widget elementor-widget-text-editor\" data-id=\"3be8c45\" data-element_type=\"widget\" data-e-type=\"widget\" data-widget_type=\"text-editor.default\">\n\t\t\t\t<div class=\"elementor-widget-container\">\n\t\t\t\t\t\t\t\t\t<p><br \/><br \/><br \/><br \/><\/p><p><style>\n        body {<br \/>\n            font-family: 'Segoe UI', Tahoma, Geneva, Verdana, sans-serif;<br \/>\n            line-height: 1.6;<br \/>\n            color: #333;<br \/>\n            max-width: 900px;<br \/>\n            margin: 0 auto;<br \/>\n            padding: 20px;<br \/>\n            background-color: #f9f9f9;<br \/>\n        }<br \/>\n        .agb-container {<br \/>\n            background-color: white;<br \/>\n            padding: 40px;<br \/>\n            border-radius: 8px;<br \/>\n            box-shadow: 0 2px 10px rgba(0,0,0,0.1);<br \/>\n        }<br \/>\n        h1 {<br \/>\n            color: #2c3e50;<br \/>\n            text-align: center;<br \/>\n            font-size: 28px;<br \/>\n            margin-bottom: 10px;<br \/>\n            border-bottom: 3px solid #3498db;<br \/>\n            padding-bottom: 15px;<br \/>\n        }<br \/>\n        .subtitle {<br \/>\n            text-align: center;<br \/>\n            color: #7f8c8d;<br \/>\n            margin-bottom: 30px;<br \/>\n            font-size: 14px;<br \/>\n        }<br \/>\n        .hotel-info {<br \/>\n            text-align: center;<br \/>\n            margin-bottom: 30px;<br \/>\n            padding: 15px;<br \/>\n            background-color: #ecf0f1;<br \/>\n            border-radius: 5px;<br \/>\n            font-size: 14px;<br \/>\n        }<br \/>\n        h2 {<br \/>\n            color: #2c3e50;<br \/>\n            font-size: 20px;<br \/>\n            margin-top: 30px;<br \/>\n            margin-bottom: 15px;<br \/>\n            border-left: 4px solid #3498db;<br \/>\n            padding-left: 15px;<br \/>\n        }<br \/>\n        h3 {<br \/>\n            color: #34495e;<br \/>\n            font-size: 16px;<br \/>\n            margin-top: 20px;<br \/>\n            margin-bottom: 10px;<br \/>\n        }<br \/>\n        p {<br \/>\n            margin-bottom: 12px;<br \/>\n            text-align: justify;<br \/>\n        }<br \/>\n        ul {<br \/>\n            margin-left: 20px;<br \/>\n            margin-bottom: 15px;<br \/>\n        }<br \/>\n        li {<br \/>\n            margin-bottom: 8px;<br \/>\n        }<br \/>\n        .section {<br \/>\n            margin-bottom: 25px;<br \/>\n        }<br \/>\n        .footer {<br \/>\n            text-align: right;<br \/>\n            margin-top: 40px;<br \/>\n            padding-top: 20px;<br \/>\n            border-top: 2px solid #ecf0f1;<br \/>\n            color: #7f8c8d;<br \/>\n            font-size: 14px;<br \/>\n        }<br \/>\n    <\/style><\/p><p><\/p><div class=\"agb-container\"><h1>ALLGEMEINE GESCH\u00c4FTSBEDINGUNGEN<\/h1><div class=\"subtitle\">f\u00fcr das East Riverside Boardinghouse<br \/>Stand: 01.12.2025<\/div><div class=\"hotel-info\">L\u00f6cknitz Idyll GmbH \u2013 East Riverside Boardinghouse<br \/>Theodor-Fontane-Weg 1 a, 15537 Erkner<br \/>\u2013 nachstehend \u201eHotel&#8221; genannt \u2013<\/div><div class=\"section\"><h2>1. Geltungsbereich<\/h2><h3>1.1<\/h3><p>Die nachstehenden allgemeinen Gesch\u00e4ftsbedingungen gelten f\u00fcr Vertr\u00e4ge \u00fcber die mietweise \u00dcberlassung von Hotelzimmern, zur Beherbergung und Tagung sowie alle f\u00fcr den Gast erbrachten weiteren Leistungen und Lieferungen des Hotels.<\/p><h3>1.2<\/h3><p>Abweichende Regelungen haben nur dann Geltung, wenn sie zwischen dem Hotel und dem Gast individuell vereinbart wurden.<\/p><\/div><div class=\"section\"><h2>2. Zustandekommen des Vertrages<\/h2><h3>2.1<\/h3><p>Der Hotelaufnahmevertrag (Beherbergungsvertrag) kommt zustande, indem der Gast einen Antrag abgibt (Zimmerbuchung), der durch das Hotel angenommen wird. Die Annahme erfolgt durch eine Best\u00e4tigung der Zimmerbuchung.<\/p><p>Die Best\u00e4tigung der Zimmerbuchung kann m\u00fcndlich, schriftlich, telefonisch oder per E-Mail erfolgen.<\/p><h3>2.2<\/h3><p>Erfolgt die Zimmerbuchung durch einen Dritten f\u00fcr den Gast, haftet er dem Hotel gegen\u00fcber zusammen mit dem Gast als Gesamtschuldner f\u00fcr alle Verpflichtungen aus dem Hotelannahmevertrag, sofern dem Hotel eine entsprechende Erkl\u00e4rung des Dritten vorliegt.<\/p><h3>2.3<\/h3><p>Die Unter- und Weitervermietung der \u00fcberlassenen Zimmer sowie deren Nutzung zu anderen als der Beherbergung dienenden Zwecken, bed\u00fcrfen der vorherigen schriftlichen Zustimmung des Hotels.<\/p><\/div><div class=\"section\"><h2>3. Preise und Leistungen<\/h2><h3>3.1<\/h3><p>Das Hotel ist verpflichtet, die vom Gast gebuchten Zimmer nach Ma\u00dfgabe dieser Allgemeinen Gesch\u00e4ftsbedingungen bereitzuhalten und die vereinbarten Leistungen zu erbringen.<\/p><h3>3.2<\/h3><p>Der Gast ist verpflichtet, die f\u00fcr die Zimmer\u00fcberlassung und die von ihm in Anspruch genommenen weiteren Leistungen geltenden bzw. vereinbarten Preise des Hotels zu zahlen. Dies gilt auch f\u00fcr vom Gast oder vom Besteller veranlasste Leistungen und Auslagen des Hotels gegen\u00fcber Dritten.<\/p><h3>3.3<\/h3><p>Die vereinbarten Preise schlie\u00dfen die jeweilige gesetzliche Mehrwertsteuer ein.<\/p><h3>3.4<\/h3><p>Die Preise k\u00f6nnen vom Hotel ge\u00e4ndert werden, wenn der Gast nachtr\u00e4glich \u00c4nderungen der Anzahl der gebuchten Zimmer, der Leistung des Hotels oder der Aufenthaltsdauer der G\u00e4ste w\u00fcnscht, und das Hotel dem zustimmt.<\/p><h3>3.5<\/h3><p>Rechnungen des Hotels sind sofort nach Zugang ohne Abzug zahlbar.<\/p><p>Der Verzug setzt ein, wenn der Gast nicht innerhalb von 5 Tagen nach F\u00e4lligkeit und Zugang einer Rechnung Zahlung leistet; dies gilt gegen\u00fcber einem Gast, der Verbraucher ist, nur, wenn auf diese Folgen in der Rechnung besonders hingewiesen worden ist. Bei Zahlungsverzug ist das Hotel berechtigt, gegen\u00fcber Verbrauchern Verzugszinsen in H\u00f6he von 5 % \u00fcber dem Basiszinssatz zu berechnen. Im Gesch\u00e4ftsverkehr betr\u00e4gt der Verzugszinssatz 9 % \u00fcber dem Basiszinssatz. Dem Hotel bleibt die Geltendmachung eines h\u00f6heren Schadens vorbehalten. F\u00fcr jede Mahnung nach Verzugseintritt kann das Hotel eine Mahngeb\u00fchr von 25 EUR erheben.<\/p><h3>3.6<\/h3><p>Das Hotel ist berechtigt, bei Vertragsschluss oder danach eine angemessene Vorauszahlung oder Sicherheitsleistung zu verlangen. Die H\u00f6he der Vorauszahlung und deren F\u00e4lligkeit k\u00f6nnen im Vertrag schriftlich vereinbart werden. Das Hotel ist ferner berechtigt, w\u00e4hrend des Aufenthaltes des Gastes im Hotel aufgelaufene Forderungen durch Erteilung einer Zwischenrechnung jederzeit f\u00e4llig zu stellen und sofortige Zahlung zu verlangen.<\/p><h3>3.7<\/h3><p>Der Gast kann nur mit einer unbestrittenen oder rechtskr\u00e4ftig festgestellten Forderung gegen\u00fcber einer Forderung des Hotels aufrechnen oder mindern.<\/p><\/div><div class=\"section\"><h2>4. Nicht in Anspruch genommene Leistungen, Stornierung, R\u00fccktritt des Gastes<\/h2><h3>4.1<\/h3><p>Das Hotel r\u00e4umt dem Gast ein kostenfreies R\u00fccktrittsrecht bis 1 Tag vor Buchungsbeginn ein. Dabei gelten folgende Bestimmungen:<\/p><ul><li>Im Falle des R\u00fccktritts des Gastes von der Buchung hat das Hotel Anspruch auf angemessene Entsch\u00e4digung.<\/li><li>Das Hotel hat die Wahl, gegen\u00fcber dem Gast statt einer konkret berechneten Entsch\u00e4digung eine R\u00fccktrittspauschale geltend zu machen. Die R\u00fccktrittspauschale betr\u00e4gt 75 % des vertraglich vereinbarten Preises f\u00fcr die erste \u00dcbernachtung mit oder ohne Fr\u00fchst\u00fcck unabh\u00e4ngig von der urspr\u00fcnglich gebuchten Anzahl der \u00dcbernachtungen. Dem Gast steht der Nachweis frei, dass dem Hotel kein Schaden oder der dem Hotel entstandene Schaden niedriger als die geforderte Entsch\u00e4digungspauschale ist.<\/li><li>Sofern das Hotel die Entsch\u00e4digung konkret berechnet, betr\u00e4gt die H\u00f6he der Entsch\u00e4digung max. die H\u00f6he des vertraglich vereinbarten Preises f\u00fcr die von dem Hotel zu erbringende Leistung unter Abzug des Wertes der von dem Hotel ersparten Aufwendungen sowie dessen, was das Hotel durch anderweitige Verwendungen der Hotelleistungen erwirbt.<\/li><\/ul><h3>4.2<\/h3><p>Die vorstehenden Regelungen \u00fcber die Entsch\u00e4digung gelten entsprechend, wenn der Gast das gebuchte Zimmer oder die gebuchten Leistungen ohne dies dem Hotel rechtzeitig mitzuteilen, nicht in Anspruch nimmt.<\/p><h3>4.3<\/h3><p>Der Anspruch auf Entsch\u00e4digung entf\u00e4llt, sofern das Hotel dem Gast im Vertrag eine Option einger\u00e4umt hat, innerhalb einer bestimmten Frist ohne weitere Rechtsfolgen vom Vertrag zur\u00fcckzutreten, hat das Hotel keinen Anspruch auf Entsch\u00e4digung. Ma\u00dfgeblich f\u00fcr die Rechtzeitigkeit der R\u00fccktrittserkl\u00e4rung ist deren Zugang beim Hotel. Der Gast muss den R\u00fccktritt in Textform erkl\u00e4ren.<\/p><\/div><div class=\"section\"><h2>5. R\u00fccktritt des Hotels<\/h2><h3>5.1<\/h3><p>Sofern dem Gast im Beherbergungsvertrag ein kostenfreies R\u00fccktrittsrecht nach Ziffer 4.3 einger\u00e4umt wurde, ist das Hotel ebenfalls berechtigt, innerhalb der vereinbarten Frist vom Vertrag zur\u00fcckzutreten, wenn Anfragen anderer G\u00e4ste nach den gebuchten Zimmern vorliegen und der Gast auf R\u00fcckfrage des Hotels die Buchung nicht endg\u00fcltig best\u00e4tigt.<\/p><h3>5.2<\/h3><p>Wird eine gem\u00e4\u00df Ziffer 3.6 vereinbarte Vorauszahlung oder Sicherheitsleistung nicht binnen einer hierf\u00fcr gesetzten Frist geleistet, so ist das Hotel gleichfalls zum R\u00fccktritt vom Vertrag berechtigt.<\/p><h3>5.3<\/h3><p>Ein R\u00fccktrittsrecht aus wichtigem Grund vom Vertrag ist davon unber\u00fchrt. Es besteht insbesondere falls:<\/p><ul><li>h\u00f6here Gewalt oder andere vom Hotel nicht zu vertretende Umst\u00e4nde die Erf\u00fcllung des Vertrages unm\u00f6glich machen;<\/li><li>Zimmer unter irref\u00fchrender oder falscher Angabe wesentlicher Tatsachen, z. B. bez\u00fcglich der Person des Gastes oder des Zwecks, gebucht werden;<\/li><li>das Hotel begr\u00fcndeten Anlass zu der Annahme hat, dass die Inanspruchnahme der Hotelleistung den reibungslosen Gesch\u00e4ftsbetrieb, die Sicherheit oder das Ansehen des Hotels in der \u00d6ffentlichkeit gef\u00e4hrden kann, ohne dass dies dem Herrschafts- bzw. Organisationsbereich des Hotels zuzurechnen ist;<\/li><li>eine unbefugte Unter- oder Weitervermietung gem\u00e4\u00df Ziffer 2.3 vorliegt;<\/li><li>ein Fall der Ziffer 6.3 vorliegt;<\/li><li>das Hotel von Umst\u00e4nden Kenntnis erlangt, dass sich die Verm\u00f6gensverh\u00e4ltnisse des Gastes nach Vertragsabschluss wesentlich verschlechtert haben, insbesondere wenn der Gast f\u00e4llige Forderungen des Hotels nicht ausgleicht oder keine ausreichende Sicherheitsleistung bietet und deshalb Zahlungsanspr\u00fcche des Hotels gef\u00e4hrdet erscheinen;<\/li><li>der Gast \u00fcber sein Verm\u00f6gen einen Antrag auf Er\u00f6ffnung des Insolvenzverfahrens gestellt, eine Verm\u00f6gensauskunft nach \u00a7 807 Zivilprozessordnung erteilt, ein au\u00dfergerichtliches der Schuldenregulierung dienendes Verfahren eingeleitet oder seine Zahlungen eingestellt hat;<\/li><li>ein Insolvenzverfahren \u00fcber das Verm\u00f6gen des Gastes er\u00f6ffnet oder die Er\u00f6ffnung desselben mangels Masse oder aus sonstigen Gr\u00fcnden abgelehnt wird.<\/li><\/ul><h3>5.4<\/h3><p>Das Hotel hat den Gast von der Aus\u00fcbung des R\u00fccktrittsrechts unverz\u00fcglich in Textform in Kenntnis zu setzen.<\/p><h3>5.5<\/h3><p>In den vorgenannten F\u00e4llen des R\u00fccktritts entsteht kein Anspruch des Gastes auf Schadensersatz.<\/p><\/div><div class=\"section\"><h2>6. An- und Abreise<\/h2><h3>6.1<\/h3><p>Der Gast erwirbt keinen Anspruch auf die Bereitstellung bestimmter Zimmer, es sei denn, das Hotel hat die Bereitstellung bestimmter Zimmer schriftlich best\u00e4tigt.<\/p><h3>6.2<\/h3><p>Gebuchte Zimmer stehen dem Gast ab 14.00 Uhr des vereinbarten Anreisetages zur Verf\u00fcgung. Der Gast hat keinen Anspruch auf fr\u00fchere Bereitstellung.<\/p><h3>6.3<\/h3><p>Gebuchte Zimmer sind vom Gast bis sp\u00e4testens 18.00 Uhr des vereinbarten Anreisetages in Anspruch zu nehmen. Sofern nicht ausdr\u00fccklich eine sp\u00e4tere Ankunftszeit vereinbart wurde, hat das Hotel das Recht, gebuchte Zimmer nach 18.30 Uhr anderweitig zu vergeben, ohne dass der Gast hieraus Ersatzanspr\u00fcche herleiten kann. Dem Hotel steht insoweit ein R\u00fccktrittsrecht zu.<\/p><h3>6.4<\/h3><p>Am vereinbarten Abreisetag sind die Zimmer dem Hotel sp\u00e4testens um 10.00 Uhr ger\u00e4umt zur Verf\u00fcgung zu stellen. Danach kann das Hotel \u00fcber den ihm dadurch entstehenden Schaden hinaus f\u00fcr die zus\u00e4tzliche Nutzung des Zimmers bis 14.00 Uhr den Tageszimmerpreis in Rechnung stellen, ab 11.00 Uhr 50 % des vollen g\u00fcltigen Logispreises. Dem Gast steht es frei, dem Hotel nachzuweisen, dass diesem kein oder ein wesentlich niedrigerer Schaden entstanden ist.<\/p><\/div><div class=\"section\"><h2>7. Haftung<\/h2><h3>7.1<\/h3><p>Das Hotel haftet in F\u00e4llen des Vorsatzes oder der groben Fahrl\u00e4ssigkeit nach den gesetzlichen Bestimmungen. F\u00fcr leichte Fahrl\u00e4ssigkeit haftet das Hotel ausschlie\u00dflich wegen der Verletzung des Lebens, des K\u00f6rpers oder der Gesundheit oder wegen der Verletzung wesentlicher Vertragspflichten. Der Schadensersatzanspruch f\u00fcr die leicht fahrl\u00e4ssige Verletzung wesentlicher Vertragspflichten ist jedoch auf den vertragstypischen, vorhersehbaren Schaden begrenzt, soweit nicht wegen der Verletzung des Lebens, des K\u00f6rpers oder der Gesundheit gehaftet wird. F\u00fcr das Verschulden von Erf\u00fcllungsgehilfen und Vertretern haftet der Veranstalter in demselben Umfang.<\/p><h3>7.2<\/h3><p>Die Regelung des vorstehenden Absatzes (8.1) erstreckt sich auf Schadensersatz neben der Leistung, den Schadensersatz statt der Leistung und den Ersatzanspruch wegen vergeblicher Aufwendungen, gleich aus welchem Rechtsgrund, einschlie\u00dflich der Haftung wegen M\u00e4ngeln, Verzugs oder Unm\u00f6glichkeit.<\/p><h3>7.3<\/h3><p>Soweit dem Gast ein Pkw-Stellplatz zur Verf\u00fcgung gestellt wird, besteht keine \u00dcberwachungspflicht des Hotels, es sei denn, dies wurde individuell schriftlich in einem Verwahrungsvertrag vereinbart.<\/p><h3>7.4<\/h3><p>Weckauftr\u00e4ge werden vom Hotel mit gr\u00f6\u00dfter Sorgfalt ausgef\u00fchrt. Schadensersatzanspr\u00fcche, au\u00dfer wegen grober Fahrl\u00e4ssigkeit oder Vorsatz, sind ausgeschlossen.<\/p><h3>7.5<\/h3><p>Nachrichten, Post und Warensendungen f\u00fcr die G\u00e4ste werden mit Sorgfalt behandelt. Das Hotel \u00fcbernimmt die Zustellung, Aufbewahrung und \u2013 auf Wunsch \u2013 gegen Entgelt die Nachsendung derselben sowie auf Anfrage auch f\u00fcr Fundsachen. Schadensersatzanspr\u00fcche, au\u00dfer wegen grober Fahrl\u00e4ssigkeit oder Vorsatz, sind ausgeschlossen. Das Hotel ist berechtigt, nach sp\u00e4testens einmonatiger Aufbewahrungsfrist unter Berechnung einer angemessenen Geb\u00fchr die vorbezeichneten Sachen dem lokalen Fundb\u00fcro zu \u00fcbergeben.<\/p><h3>7.6<\/h3><p>Die Verj\u00e4hrung der Anspr\u00fcche des Gastes erfolgt nach den gesetzlichen Bestimmungen.<\/p><\/div><div class=\"section\"><h2>8. Schlussbestimmungen<\/h2><p>Es gilt das Recht der Bundesrepublik Deutschland.<\/p><\/div><div class=\"footer\">Erkner, 01.12.2025<\/div><\/div><p><\/p>\t\t\t\t\t\t\t\t<\/div>\n\t\t\t\t<\/div>\n\t\t\t\t\t<\/div>\n\t\t\t\t<\/div>\n\t\t\t\t<\/div>","protected":false},"excerpt":{"rendered":"<p>ALLGEMEINE GESCH\u00c4FTSBEDINGUNGEN f\u00fcr das East Riverside BoardinghouseStand: 01.12.2025L\u00f6cknitz Idyll GmbH \u2013 East Riverside BoardinghouseTheodor-Fontane-Weg 1 a, 15537 Erkner\u2013 nachstehend \u201eHotel&#8221;&#8230;<\/p>","protected":false},"author":1,"featured_media":0,"parent":0,"menu_order":0,"comment_status":"closed","ping_status":"closed","template":"","meta":{"footnotes":""},"class_list":["post-12928","page","type-page","status-publish","hentry"],"_links":{"self":[{"href":"https:\/\/east-riverside.com\/en\/wp-json\/wp\/v2\/pages\/12928","targetHints":{"allow":["GET"]}}],"collection":[{"href":"https:\/\/east-riverside.com\/en\/wp-json\/wp\/v2\/pages"}],"about":[{"href":"https:\/\/east-riverside.com\/en\/wp-json\/wp\/v2\/types\/page"}],"author":[{"embeddable":true,"href":"https:\/\/east-riverside.com\/en\/wp-json\/wp\/v2\/users\/1"}],"replies":[{"embeddable":true,"href":"https:\/\/east-riverside.com\/en\/wp-json\/wp\/v2\/comments?post=12928"}],"version-history":[{"count":4,"href":"https:\/\/east-riverside.com\/en\/wp-json\/wp\/v2\/pages\/12928\/revisions"}],"predecessor-version":[{"id":12932,"href":"https:\/\/east-riverside.com\/en\/wp-json\/wp\/v2\/pages\/12928\/revisions\/12932"}],"wp:attachment":[{"href":"https:\/\/east-riverside.com\/en\/wp-json\/wp\/v2\/media?parent=12928"}],"curies":[{"name":"wp","href":"https:\/\/api.w.org\/{rel}","templated":true}]}}